{"id":5188,"date":"2019-12-16T20:12:10","date_gmt":"2019-12-16T20:12:10","guid":{"rendered":"https:\/\/lydcmn.org\/?page_id=5188"},"modified":"2024-01-24T19:34:51","modified_gmt":"2024-01-24T19:34:51","slug":"mesa-directiva","status":"publish","type":"page","link":"https:\/\/lydcmn.org\/es\/mesa-directiva\/","title":{"rendered":"Mesa Directiva"},"content":{"rendered":"<div  class=\"tatsu-u6kqLKDhJ tatsu-section  tatsu-bg-overlay   tatsu-clearfix\" data-title=\"\"  data-headerscheme=\"background--dark\"><div class='tatsu-section-pad clearfix' data-padding='{\"d\":\"200px 0px 200px 0px\",\"l\":\"120px 0px 120px 0px\",\"t\":\"120px 0px 120px 0px\",\"m\":\"120px 0px 120px 0px\"}' data-padding-top='120px'><div class=\"tatsu-row-wrap  tatsu-wrap tatsu-row-one-col tatsu-row-has-one-cols tatsu-medium-gutter tatsu-reg-cols  tatsu-clearfix tatsu-TCV6k_vBZZ\" ><div  class=\"tatsu-row \" ><div  class=\"tatsu-column  tatsu-column-no-bg tatsu-one-col tatsu-column-image-none tatsu-column-effect-none  tatsu-1hUR6gnMsV\"  data-parallax-speed=\"0\" style=\"\"><div class=\"tatsu-column-inner \" ><div class=\"tatsu-column-pad-wrap\"><div class=\"tatsu-column-pad\" ><div  class=\"tatsu-module tatsu-inline-text clearfix tatsu-8TRzzQDmUr   \" ><style>.tatsu-8TRzzQDmUr .tatsu-inline-text-inner{width: 55%;text-align: left;}.tatsu-8TRzzQDmUr.tatsu-inline-text{margin: 0px 0px 15px 0px ;}@media only screen and (min-width:768px) and (max-width: 1024px) {.tatsu-8TRzzQDmUr .tatsu-inline-text-inner{width: 80%;}}@media only screen and (max-width: 767px) {.tatsu-8TRzzQDmUr .tatsu-inline-text-inner{width: 100%;}}<\/style><div class=\"tatsu-inline-text-inner tatsu-align-center\">\n<h1 style=\"text-align: center;\"><span style=\"color: #ffffff;\">Mesa Directiva<\/span><\/h1>\n<\/div><\/div><div  class=\"tatsu-module tatsu-inline-text clearfix tatsu-iVMH4bZPEU   \" ><style>.tatsu-iVMH4bZPEU .tatsu-inline-text-inner{width: 40%;text-align: left;}@media only screen and (min-width:768px) and (max-width: 1024px) {.tatsu-iVMH4bZPEU .tatsu-inline-text-inner{width: 50%;}}@media only screen and (max-width: 767px) {.tatsu-iVMH4bZPEU .tatsu-inline-text-inner{width: 100%;}}<\/style><div class=\"tatsu-inline-text-inner tatsu-align-center\">\n<p style=\"text-align: center;\"><span style=\"color: #ffffff;\">Biograf\u00edas<\/span><\/p>\n<\/div><\/div><div  class=\"tatsu-module tatsu-normal-button tatsu-button-wrap align-block block-center  tatsu-hryuyHRAQR   \"><a class=\"tatsu-shortcode mediumbtn tatsu-button left-icon circular   bg-animation-none  \" href=\"#\" style= \"\"  aria-label=\"Contact Us\" data-gdpr-atts={} >Contact Us<\/a><style>.tatsu-hryuyHRAQR .tatsu-button{background-color: rgba(3,71,113,1);color: #ffffff ;}<\/style><\/div><\/div><\/div><div class = \"tatsu-column-bg-image-wrap\"><div class = \"tatsu-column-bg-image tatsu-bg-lazyload\" data-src = \"\"><\/div><\/div><\/div><style>.tatsu-row > .tatsu-1hUR6gnMsV.tatsu-column{width: 100%;}.tatsu-1hUR6gnMsV.tatsu-column > .tatsu-column-inner > .tatsu-column-overlay{mix-blend-mode: none;}.tatsu-1hUR6gnMsV > .tatsu-column-inner > .tatsu-top-divider{z-index: 9999;}.tatsu-1hUR6gnMsV > .tatsu-column-inner > .tatsu-bottom-divider{z-index: 9999;}.tatsu-1hUR6gnMsV > .tatsu-column-inner > .tatsu-left-divider{z-index: 9999;}.tatsu-1hUR6gnMsV > .tatsu-column-inner > .tatsu-right-divider{z-index: 9999;}@media only screen and (max-width:1377px) {.tatsu-row > .tatsu-1hUR6gnMsV.tatsu-column{width: 100%;}}@media only screen and (min-width:768px) and (max-width: 1024px) {.tatsu-row > .tatsu-1hUR6gnMsV.tatsu-column{width: 100%;}}@media only screen and (max-width: 767px) {.tatsu-row > .tatsu-1hUR6gnMsV.tatsu-column{width: 100%;}}<\/style><\/div><\/div><\/div><\/div><div class=\"tatsu-section-background-wrap\"><div class = \"tatsu-bg-blur\" style = \"background-image : url(data:image\/jpeg;base64,\/9j\/4AAQSkZJRgABAQEASABIAAD\/4QAYRXhpZgAASUkqAAgAAAAAAAAAAAAAAP\/tACxQaG90b3Nob3AgMy4wADhCSU0EBAAAAAAADxwBWgADGyVHHAIAAAIAAgD\/4QMIaHR0cDovL25zLmFkb2JlLmNvbS94YXAvMS4wLwA8P3hwYWNrZXQgYmVnaW49Iu+7vyIgaWQ9Ilc1TTBNcENlaGlIenJlU3pOVGN6a2M5ZCI\/PiA8eDp4bXBtZXRhIHhtbG5zOng9ImFkb2JlOm5zOm1ldGEvIiB4OnhtcHRrPSJBZG9iZSBYTVAgQ29yZSA1LjYtYzE0NSA3OS4xNjM0OTksIDIwMTgvMDgvMTMtMTY6NDA6MjIgICAgICAgICI+IDxyZGY6UkRGIHhtbG5zOnJkZj0iaHR0cDovL3d3dy53My5vcmcvMTk5OS8wMi8yMi1yZGYtc3ludGF4LW5zIyI+IDxyZGY6RGVzY3JpcHRpb24gcmRmOmFib3V0PSIiIHhtbG5zOnhtcE1NPSJodHRwOi8vbnMuYWRvYmUuY29tL3hhcC8xLjAvbW0vIiB4bWxuczpzdFJlZj0iaHR0cDovL25zLmFkb2JlLmNvbS94YXAvMS4wL3NUeXBlL1Jlc291cmNlUmVmIyIgeG1sbnM6eG1wPSJodHRwOi8vbnMuYWRvYmUuY29tL3hhcC8xLjAvIiB4bXBNTTpEb2N1bWVudElEPSJ4bXAuZGlkOjFFNDEzODA3NzlCNDExRTlBRkU5Qzg2MUVCRkE2QzRBIiB4bXBNTTpJbnN0YW5jZUlEPSJ4bXAuaWlkOjFFNDEzODA2NzlCNDExRTlBRkU5Qzg2MUVCRkE2QzRBIiB4bXA6Q3JlYXRvclRvb2w9IlBob3RvcyA0LjAiPiA8eG1wTU06RGVyaXZlZEZyb20gc3RSZWY6aW5zdGFuY2VJRD0iQjlDNThEMDNGNDUwMjA4OEU2MDUxQzMwNzhBN0U5MDEiIHN0UmVmOmRvY3VtZW50SUQ9IkI5QzU4RDAzRjQ1MDIwODhFNjA1MUMzMDc4QTdFOTAxIi8+IDwvcmRmOkRlc2NyaXB0aW9uPiA8L3JkZjpSREY+IDwveDp4bXBtZXRhPiA8P3hwYWNrZXQgZW5kPSJyIj8+\/9sAQwAGBAQFBAQGBQUFBgYGBwkOCQkICAkSDQ0KDhUSFhYVEhQUFxohHBcYHxkUFB0nHR8iIyUlJRYcKSwoJCshJCUk\/9sAQwEGBgYJCAkRCQkRJBgUGCQkJCQkJCQkJCQkJCQkJCQkJCQkJCQkJCQkJCQkJCQkJCQkJCQkJCQkJCQkJCQkJCQk\/8AAEQgAJgAyAwERAAIRAQMRAf\/EABsAAAICAwEAAAAAAAAAAAAAAAUGAwcBAgQI\/8QALRAAAgEDAwIFAwQDAAAAAAAAAQIDBAURAAYhEjEHEyJBUXGBkRQyYaEjweH\/xAAaAQADAQEBAQAAAAAAAAAAAAACAwQBBQYA\/8QAKhEAAgIBBAEDAwQDAAAAAAAAAQIAAxEEEiExUSIyQRMUU1JhcaGBsfH\/2gAMAwEAAhEDEQA\/AG+8bf8ADS2oIprzTW6sKrL0eeSzI2CuQDggjn6HXFXTAt7zj9xn\/U6w1DfpilUUe3rhcDS2qOGeUftkp36Q35IH96W9bBtqHP8APEqFiFdzDH8Q1XUt7tm1qaxVMDU1G9Q1QZElRmkJxgcHjHPv76Y1DqPV\/UQroz7gYu3equFdchQpW11c0OWWndjNIoAycgEgce4PbQpS7jrMY11Scg4ECJuCy08iRtTT19RIwURxPlsn+DqilLfaBiLsuqA3E5j9cdn1tvsK1k1BWsvkNOyG5JGsQALdJULjOFPYnv8AXSrNNaj9gf4i11a2DjqV8u8bqoCrQJ0jgZlYnGn\/AG6+YX3Lj4iduiRLvuFWjjykcQjIAwB0Lk\/gasfCsZDXygguK11tPDTVkiyxUU8nSkwb08AE5IyeM8jSyRmO2nbmMW273VW2kqJqWtqJK6CVhTOXLJjp7hDkZ7kHHH20RCbCccxXrNgXPHML2y91sge93Tcle1zln6ZooGWNpIse7Ae\/+tfaoslJav3TdEi2XBLfbGmx2TYM9I9XX3ZEriOoL5nPb5+fnR6e1FQl+SR56i9XRqGtUUYCg85GSRFfcNVaKqaljlqpp4aNmV1ErMHTJK++Pc9vnXJdrtzBez1O\/XVp9qsw67hEbntCgKNtUbAcAsikn6nUGNR+SdDbpvxxE3DYKixbvqLNWq8kMk3lpIhJwGAKnjHOGHH116akrahbwMzx53I23zIrVW3Cy1jUM0LHzYHRomkxjqHdTg9LHAHb3xpRwQdsNWII3dTruAntM9HLVS1VAWPTTTtH6EGCOWU84yOQO2trwRjPMK61iQfia0NqWuqBS094SKrLeXGzxMBIpwAVAXPJPBPt8aS1zfK8S9tJpxSGWz1\/1j\/szfZJaG0w26pDwyU0vqKoAHDZBYt+7Pp7dtMrCnnEhexgO+Zy5Sqt8KUQeoqpWVDGj9XoGQSRjjPH21oRUO6a17MNpjdF4b3F4kd5oVZlBIIl4P41NuTxHfVs8wxed57AuF0WpeCsuLzSIjzDKKuOx5+MfGhSq0DvESzKSJ3bF2\/tm+Vd4uiWtJI1qAsKyciNQo557576yxyuATMC94k\/iBt83ZKSnt1vpnjpC7LFJH6GZl6ckD8\/bWV2BeSYLAnqVZbdnbiprsrSU0jOjBFy3px2HP8AHH41YbVZcxXqB5lgv4ZU24V6qwy0bjp6SkhYKQDnv9tSrcV4Eaw3cmMG3fD212SOOEETyR9RDk5Jz340Fl5MNKxGkSwIOkpJxxwP+6n3GOxPK1zqfP8A081vpYKLycynoJOSMY4Oe2PfXcSor85kdrhuhiPPhFu97alx\/UBylXPEvTEowGw3qxnj7am1FH1Dx3MqfbLtlxBH\/kJYtgjHydcysZ5lD8cSBayGRxIKZF6l4wPf5\/rRivA3ZmbsnEjqLl1sqtEuWUkHHbRfTAmbzNaeb9X1BSVC5J+ToHOGxGpyuZk1U47Svj250O5fE3afM\/\/Z);\"\"><\/div><div class = \"tatsu-section-background tatsu-bg-lazyload\" data-src = \"https:\/\/lydcmn.org\/wp-content\/uploads\/2019\/05\/board-1.jpg\"><\/div><\/div><div class=\"tatsu-overlay tatsu-section-overlay\"><\/div><style>.tatsu-u6kqLKDhJ.tatsu-section{background-color: #323232;}.tatsu-u6kqLKDhJ .tatsu-section-background{background-image: url(https:\/\/lydcmn.org\/wp-content\/uploads\/2019\/05\/board-1.jpg);background-repeat: no-repeat;background-attachment: scroll;background-position: center center;background-size: cover;}.tatsu-u6kqLKDhJ .tatsu-bg-blur{background-repeat: no-repeat;background-attachment: scroll;background-position: center center;background-size: cover;}.tatsu-u6kqLKDhJ .tatsu-section-pad{padding: 200px 0px 200px 0px;}.tatsu-u6kqLKDhJ > .tatsu-bottom-divider{z-index: 9999;}.tatsu-u6kqLKDhJ > .tatsu-top-divider{z-index: 9999;}.tatsu-u6kqLKDhJ .tatsu-section-overlay{background: rgba(0,0,0,0.4);mix-blend-mode: normal;}@media only screen and (max-width:1377px) {.tatsu-u6kqLKDhJ .tatsu-section-pad{padding: 120px 0px 120px 0px;}}@media only screen and (min-width:768px) and (max-width: 1024px) {.tatsu-u6kqLKDhJ .tatsu-section-pad{padding: 120px 0px 120px 0px;}}@media only screen and (max-width: 767px) {.tatsu-u6kqLKDhJ .tatsu-section-pad{padding: 120px 0px 120px 0px;}}<\/style><\/div><div  class=\"tatsu-BxEJdi1Jwh tatsu-section    tatsu-clearfix\" data-title=\"\"  data-headerscheme=\"background--dark\"><div class='tatsu-section-pad clearfix' data-padding='{\"d\":\"90px 0px 90px 0px\"}' data-padding-top='90px'><div class=\"tatsu-row-wrap  tatsu-wrap tatsu-row-one-col tatsu-row-has-one-cols tatsu-medium-gutter tatsu-reg-cols  tatsu-clearfix tatsu-3g-Nw0pV2A\" ><div  class=\"tatsu-row \" ><div  class=\"tatsu-column  tatsu-column-no-bg tatsu-one-col tatsu-column-image-none tatsu-column-effect-none  tatsu-De7AG8dhvx\"  data-parallax-speed=\"0\" style=\"\"><div class=\"tatsu-column-inner \" ><div class=\"tatsu-column-pad-wrap\"><div class=\"tatsu-column-pad\" ><div  class=\"tatsu-module tatsu-inline-text clearfix tatsu-31JELm0uBH   \" ><style>.tatsu-31JELm0uBH .tatsu-inline-text-inner{width: 100%;text-align: left;}.tatsu-31JELm0uBH.tatsu-inline-text{margin: 0px 0px 10px 0px ;}<\/style><div class=\"tatsu-inline-text-inner tatsu-align-center\">\n<h3 style=\"text-align: center;\">Biograf\u00edas<\/h3>\n<\/div><\/div><\/div><\/div><div class = \"tatsu-column-bg-image-wrap\"><div class = \"tatsu-column-bg-image tatsu-bg-lazyload\" data-src = \"\"><\/div><\/div><\/div><style>.tatsu-row > .tatsu-De7AG8dhvx.tatsu-column{width: 100%;}.tatsu-De7AG8dhvx.tatsu-column > .tatsu-column-inner > .tatsu-column-overlay{mix-blend-mode: none;}.tatsu-De7AG8dhvx > .tatsu-column-inner > .tatsu-top-divider{z-index: 9999;}.tatsu-De7AG8dhvx > .tatsu-column-inner > .tatsu-bottom-divider{z-index: 9999;}.tatsu-De7AG8dhvx > .tatsu-column-inner > .tatsu-left-divider{z-index: 9999;}.tatsu-De7AG8dhvx > .tatsu-column-inner > .tatsu-right-divider{z-index: 9999;}@media only screen and (max-width:1377px) {.tatsu-row > .tatsu-De7AG8dhvx.tatsu-column{width: 100%;}}@media only screen and (min-width:768px) and (max-width: 1024px) {.tatsu-row > .tatsu-De7AG8dhvx.tatsu-column{width: 100%;}}@media only screen and (max-width: 767px) {.tatsu-row > .tatsu-De7AG8dhvx.tatsu-column{width: 100%;}}<\/style><\/div><\/div><\/div><div class=\"tatsu-row-wrap  tatsu-wrap tatsu-row-one-col tatsu-row-has-one-cols tatsu-medium-gutter tatsu-reg-cols  tatsu-clearfix tatsu-Ud1lEaHokv\" ><style>.tatsu-Ud1lEaHokv.tatsu-row-wrap > .tatsu-row{padding: 0px 10% 0px 10%;}@media only screen and (min-width:768px) and (max-width: 1024px) {.tatsu-Ud1lEaHokv.tatsu-row-wrap > .tatsu-row{padding: 0px 0% 0px 0%;}}@media only screen and (max-width: 767px) {.tatsu-Ud1lEaHokv.tatsu-row-wrap > .tatsu-row{padding: 0px 0% 0px 0%;}}<\/style><div  class=\"tatsu-row \" ><div  class=\"tatsu-column  tatsu-column-no-bg tatsu-one-col tatsu-column-image-none tatsu-column-effect-none  tatsu-BF32cbm2mu\"  data-parallax-speed=\"0\" style=\"\"><div class=\"tatsu-column-inner \" ><div class=\"tatsu-column-pad-wrap\"><div class=\"tatsu-column-pad\" ><div  class=\"tatsu-module tatsu-accordion tatsu-accordion-style1 tatsu-pSehiEJCiI   \"  ><style>.tatsu-pSehiEJCiI .accordion-content.ui-accordion-content{border-color: rgba(74,74,74,1); }.tatsu-pSehiEJCiI .accordion-head.ui-accordion-header{border-color: rgba(74,74,74,1); }.tatsu-pSehiEJCiI.tatsu-module{margin: 0 0 60px 0;}<\/style><div data-collapsed=\"0\" class = \"tatsu-accordion-inner\"><h3 class=\"accordion-head h5\">Carmen Grace Poppert<span class = \"tatsu-accordion-expand\"><\/span><\/h3><div class = \"accordion-content body\" ><div class = \"accordion-content-inner \">\n<div><img data-recalc-dims=\"1\" loading=\"lazy\" decoding=\"async\" class=\"size-medium wp-image-5396 aligncenter\" src=\"https:\/\/i0.wp.com\/lydcmn.org\/wp-content\/uploads\/2024\/01\/230607Risen_Christ_306-1.jpg?resize=267%2C300&#038;ssl=1\" alt=\"\" width=\"267\" height=\"300\" srcset=\"https:\/\/i0.wp.com\/lydcmn.org\/wp-content\/uploads\/2024\/01\/230607Risen_Christ_306-1.jpg?resize=267%2C300&amp;ssl=1 267w, https:\/\/i0.wp.com\/lydcmn.org\/wp-content\/uploads\/2024\/01\/230607Risen_Christ_306-1.jpg?resize=910%2C1024&amp;ssl=1 910w, https:\/\/i0.wp.com\/lydcmn.org\/wp-content\/uploads\/2024\/01\/230607Risen_Christ_306-1.jpg?resize=768%2C864&amp;ssl=1 768w, https:\/\/i0.wp.com\/lydcmn.org\/wp-content\/uploads\/2024\/01\/230607Risen_Christ_306-1.jpg?resize=1160%2C1305&amp;ssl=1 1160w, https:\/\/i0.wp.com\/lydcmn.org\/wp-content\/uploads\/2024\/01\/230607Risen_Christ_306-1.jpg?resize=44%2C50&amp;ssl=1 44w, https:\/\/i0.wp.com\/lydcmn.org\/wp-content\/uploads\/2024\/01\/230607Risen_Christ_306-1.jpg?resize=650%2C731&amp;ssl=1 650w, https:\/\/i0.wp.com\/lydcmn.org\/wp-content\/uploads\/2024\/01\/230607Risen_Christ_306-1.jpg?resize=1000%2C1125&amp;ssl=1 1000w, https:\/\/i0.wp.com\/lydcmn.org\/wp-content\/uploads\/2024\/01\/230607Risen_Christ_306-1.jpg?resize=50%2C56&amp;ssl=1 50w, https:\/\/i0.wp.com\/lydcmn.org\/wp-content\/uploads\/2024\/01\/230607Risen_Christ_306-1.jpg?w=1333&amp;ssl=1 1333w\" sizes=\"auto, (max-width: 267px) 100vw, 267px\" \/>Carmen Grace es la Directora Acad\u00e9mica y de Escuela Primaria de Risen Christ Escuela Cat\u00f3lica en el sur de Minneapolis. Ella es una maestra experimentada en lenguaje dual que ha trabajado en el campo educativo durante casi una d\u00e9cada. Que creci\u00f3 en un ambiente biling\u00fce y multicultural familiar.<\/div>\n<div>En 2022, Carmen Grace obtuvo su Maestr\u00eda en Educaci\u00f3n (M. Ed.) en Aprendizaje de Inmersi\u00f3n Biling\u00fce de la Universidad de Minnesota.<\/div>\n<div>El trabajo de Carmen Grace como directora de la escuela primaria es mejorar a sus estudiantes mediante el apoyo a las familias, lo que la llev\u00f3 a unirse a la Mesa Directiva de LYDC. Carmen Grace se incorpor\u00f3 a la Mesa Directiva\u00a0en diciembre de 2023.<\/div>\n<\/div><\/div><h3 class=\"accordion-head h5\">Leslie Lara<span class = \"tatsu-accordion-expand\"><\/span><\/h3><div class = \"accordion-content body\" ><div class = \"accordion-content-inner \">\n<p>&#8212;&#8212;&#8212;-<\/p>\n<\/div><\/div><h3 class=\"accordion-head h5\">Blanca Garcia<span class = \"tatsu-accordion-expand\"><\/span><\/h3><div class = \"accordion-content body\" ><div class = \"accordion-content-inner \">\n<p>&#8212;&#8212;&#8212;-<\/p>\n<\/div><\/div><h3 class=\"accordion-head h5\">Janet Barraza<span class = \"tatsu-accordion-expand\"><\/span><\/h3><div class = \"accordion-content body\" ><div class = \"accordion-content-inner \">\n<p>&#8212;&#8212;&#8211;<\/p>\n<\/div><\/div><h3 class=\"accordion-head h5\">Brisa Morales<span class = \"tatsu-accordion-expand\"><\/span><\/h3><div class = \"accordion-content body\" ><div class = \"accordion-content-inner \">\n<p>&#8212;&#8212;<\/p>\n<\/div><\/div><h3 class=\"accordion-head h5\">Jos\u00e9 Tori Magui\u00f1a<span class = \"tatsu-accordion-expand\"><\/span><\/h3><div class = \"accordion-content body\" ><div class = \"accordion-content-inner \">\n<p>Owner of Minnesota Interpreters and Translators, LLC, is an experienced language service and cultural liaison leader, with a demonstrated history of cross-cultural work. He began teaching and became a tutor at an early age. He has been involved in education, as a student, teacher, and administrator, most of his life. He has a strong background in education, development and assessment of curricula, and leadership, earning his Doctorate in Educational Leadership (Ed.D.), focused on Higher Education from Bethel University, in 2016. Jos\u00e9 also has a doctorate in medicine from the University of Minnesota and most recently graduated from a Mini MBA program, focused on minority small business entrepreneurship, in 2018. Jos\u00e9\u2019s deep passion for education and for social justice led him to join LYDC\u2019s board of directors in January of 2018, shortly after which he assumed the role of secretary. Jos\u00e9\u2019s current educational projects include working with LYDC around social justice issues and bringing professional development opportunities to language services providers from the diverse communities of Minnesota. Jos\u00e9 is also working on a curricula assessment measures project named the COIN Project.<\/p>\n<\/div><\/div><\/div><\/div><\/div><\/div><div class = \"tatsu-column-bg-image-wrap\"><div class = \"tatsu-column-bg-image tatsu-bg-lazyload\" data-src = \"\"><\/div><\/div><\/div><style>.tatsu-row > .tatsu-BF32cbm2mu.tatsu-column{width: 100%;}.tatsu-BF32cbm2mu.tatsu-column > .tatsu-column-inner > .tatsu-column-overlay{mix-blend-mode: none;}.tatsu-BF32cbm2mu > .tatsu-column-inner > .tatsu-top-divider{z-index: 9999;}.tatsu-BF32cbm2mu > .tatsu-column-inner > .tatsu-bottom-divider{z-index: 9999;}.tatsu-BF32cbm2mu > .tatsu-column-inner > .tatsu-left-divider{z-index: 9999;}.tatsu-BF32cbm2mu > .tatsu-column-inner > .tatsu-right-divider{z-index: 9999;}@media only screen and (max-width:1377px) {.tatsu-row > .tatsu-BF32cbm2mu.tatsu-column{width: 100%;}}@media only screen and (min-width:768px) and (max-width: 1024px) {.tatsu-row > .tatsu-BF32cbm2mu.tatsu-column{width: 100%;}}@media only screen and (max-width: 767px) {.tatsu-row > .tatsu-BF32cbm2mu.tatsu-column{width: 100%;}}<\/style><\/div><\/div><\/div><\/div><div class=\"tatsu-section-background-wrap\"><div class = \"tatsu-section-background tatsu-bg-lazyload\" data-src = \"\"><\/div><\/div><style>.tatsu-BxEJdi1Jwh.tatsu-section{background-color: rgba(182,220,245,1);}.tatsu-BxEJdi1Jwh .tatsu-section-pad{padding: 90px 0px 90px 0px;}.tatsu-BxEJdi1Jwh > .tatsu-bottom-divider{z-index: 9999;}.tatsu-BxEJdi1Jwh > .tatsu-top-divider{z-index: 9999;}<\/style><\/div><div  class=\"tatsu-fIA8Zp9fBJ2 tatsu-section  tatsu-bg-overlay   tatsu-clearfix\" data-title=\"\"  data-headerscheme=\"background--dark\"><div class='tatsu-section-pad clearfix' data-padding='{\"d\":\"150px 0px 150px 0px\"}' data-padding-top='150px'><div class=\"tatsu-row-wrap  tatsu-wrap tatsu-row-one-col tatsu-row-has-one-cols tatsu-medium-gutter tatsu-reg-cols  tatsu-clearfix tatsu-v4S896SBhO4\" ><div  class=\"tatsu-row \" ><div  class=\"tatsu-column  tatsu-column-no-bg tatsu-one-col tatsu-column-image-none tatsu-column-effect-none  tatsu-FKMvK4OhKqf\"  data-parallax-speed=\"0\" style=\"\"><div class=\"tatsu-column-inner \" ><div class=\"tatsu-column-pad-wrap\"><div class=\"tatsu-column-pad\" ><div  class=\"tatsu-module tatsu-inline-text clearfix tatsu--5-E69yndnW   \" ><style>.tatsu--5-E69yndnW .tatsu-inline-text-inner{width: 100%;text-align: left;}.tatsu--5-E69yndnW.tatsu-inline-text{margin: 0px 0px 10px 0px ;}<\/style><div class=\"tatsu-inline-text-inner tatsu-align-center\">\n<h6 style=\"text-align: center;\"><span style=\"color: #ffffff; font-size: 14px; letter-spacing: 1px;\">P\u00d3NGASE EN CONTACTO<\/span><\/h6>\n<\/div><\/div><div  class=\"tatsu-module tatsu-inline-text clearfix tatsu-H4XXZTkRhcK   \" ><style>.tatsu-H4XXZTkRhcK .tatsu-inline-text-inner{width: 80%;text-align: left;}.tatsu-H4XXZTkRhcK.tatsu-inline-text{margin: 0px 0px 25px 0px;}@media only screen and (min-width:768px) and (max-width: 1024px) {.tatsu-H4XXZTkRhcK .tatsu-inline-text-inner{width: 70%;}}@media only screen and (max-width: 767px) {.tatsu-H4XXZTkRhcK .tatsu-inline-text-inner{width: 100%;}}<\/style><div class=\"tatsu-inline-text-inner tatsu-align-center\">\n<h2 style=\"text-align: center;\"><span style=\"color: #ffffff;\">\u00bfTiene preguntas?<\/span><\/h2>\n<\/div><\/div><div  class=\"tatsu-module tatsu-normal-button tatsu-button-wrap align-block block-center  tatsu--8fcbnEOcSp   \"><a class=\"tatsu-shortcode mediumbtn tatsu-button left-icon circular   bg-animation-none  \" href=\"\/es\/contacto\/\" style= \"\"  aria-label=\"CONT\u00c1CTENOS\" data-gdpr-atts={} >CONT\u00c1CTENOS<\/a><style>.tatsu--8fcbnEOcSp .tatsu-button{background-color: rgba(3,71,113,1);color: #ffffff ;}.tatsu--8fcbnEOcSp .tatsu-button:hover{background-color: #ffffff;color: rgba(3,71,113,1) ;}<\/style><\/div><\/div><\/div><div class = \"tatsu-column-bg-image-wrap\"><div class = \"tatsu-column-bg-image tatsu-bg-lazyload\" data-src = \"\"><\/div><\/div><\/div><style>.tatsu-row > .tatsu-FKMvK4OhKqf.tatsu-column{width: 100%;}.tatsu-FKMvK4OhKqf.tatsu-column > .tatsu-column-inner > .tatsu-column-overlay{mix-blend-mode: none;}.tatsu-FKMvK4OhKqf > .tatsu-column-inner > .tatsu-top-divider{z-index: 9999;}.tatsu-FKMvK4OhKqf > .tatsu-column-inner > .tatsu-bottom-divider{z-index: 9999;}.tatsu-FKMvK4OhKqf > .tatsu-column-inner > .tatsu-left-divider{z-index: 9999;}.tatsu-FKMvK4OhKqf > .tatsu-column-inner > .tatsu-right-divider{z-index: 9999;}@media only screen and (max-width:1377px) {.tatsu-row > .tatsu-FKMvK4OhKqf.tatsu-column{width: 100%;}}@media only screen and (min-width:768px) and (max-width: 1024px) {.tatsu-row > .tatsu-FKMvK4OhKqf.tatsu-column{width: 100%;}}@media only screen and (max-width: 767px) {.tatsu-row > .tatsu-FKMvK4OhKqf.tatsu-column{width: 100%;}}<\/style><\/div><\/div><\/div><\/div><div class=\"tatsu-section-background-wrap\"><div class = \"tatsu-bg-blur\" style = \"background-image : url(data:image\/jpeg;base64,\/9j\/4AAQSkZJRgABAQEASABIAAD\/4QAYRXhpZgAASUkqAAgAAAAAAAAAAAAAAP\/tACxQaG90b3Nob3AgMy4wADhCSU0EBAAAAAAADxwBWgADGyVHHAIAAAIAAgD\/4QMIaHR0cDovL25zLmFkb2JlLmNvbS94YXAvMS4wLwA8P3hwYWNrZXQgYmVnaW49Iu+7vyIgaWQ9Ilc1TTBNcENlaGlIenJlU3pOVGN6a2M5ZCI\/PiA8eDp4bXBtZXRhIHhtbG5zOng9ImFkb2JlOm5zOm1ldGEvIiB4OnhtcHRrPSJBZG9iZSBYTVAgQ29yZSA1LjYtYzE0NSA3OS4xNjM0OTksIDIwMTgvMDgvMTMtMTY6NDA6MjIgICAgICAgICI+IDxyZGY6UkRGIHhtbG5zOnJkZj0iaHR0cDovL3d3dy53My5vcmcvMTk5OS8wMi8yMi1yZGYtc3ludGF4LW5zIyI+IDxyZGY6RGVzY3JpcHRpb24gcmRmOmFib3V0PSIiIHhtbG5zOnhtcE1NPSJodHRwOi8vbnMuYWRvYmUuY29tL3hhcC8xLjAvbW0vIiB4bWxuczpzdFJlZj0iaHR0cDovL25zLmFkb2JlLmNvbS94YXAvMS4wL3NUeXBlL1Jlc291cmNlUmVmIyIgeG1sbnM6eG1wPSJodHRwOi8vbnMuYWRvYmUuY29tL3hhcC8xLjAvIiB4bXBNTTpEb2N1bWVudElEPSJ4bXAuZGlkOjFFNDEzODBCNzlCNDExRTlBRkU5Qzg2MUVCRkE2QzRBIiB4bXBNTTpJbnN0YW5jZUlEPSJ4bXAuaWlkOjFFNDEzODBBNzlCNDExRTlBRkU5Qzg2MUVCRkE2QzRBIiB4bXA6Q3JlYXRvclRvb2w9IlBob3RvcyA0LjAiPiA8eG1wTU06RGVyaXZlZEZyb20gc3RSZWY6aW5zdGFuY2VJRD0iQkIwNkQ1NzExMDFDODZCMkYwMTgyMzQwMjBCRkQzRjIiIHN0UmVmOmRvY3VtZW50SUQ9IkJCMDZENTcxMTAxQzg2QjJGMDE4MjM0MDIwQkZEM0YyIi8+IDwvcmRmOkRlc2NyaXB0aW9uPiA8L3JkZjpSREY+IDwveDp4bXBtZXRhPiA8P3hwYWNrZXQgZW5kPSJyIj8+\/9sAQwAGBAQFBAQGBQUFBgYGBwkOCQkICAkSDQ0KDhUSFhYVEhQUFxohHBcYHxkUFB0nHR8iIyUlJRYcKSwoJCshJCUk\/9sAQwEGBgYJCAkRCQkRJBgUGCQkJCQkJCQkJCQkJCQkJCQkJCQkJCQkJCQkJCQkJCQkJCQkJCQkJCQkJCQkJCQkJCQk\/8AAEQgAJQAyAwERAAIRAQMRAf\/EABsAAAICAwEAAAAAAAAAAAAAAAQHBQYAAwgC\/8QALRAAAQMDAwIGAQQDAAAAAAAAAQIDBAURIQAGEhMxBxQiQVFhIxVCkaGBsdH\/xAAaAQADAQEBAQAAAAAAAAAAAAACAwQBBQAG\/8QALREAAQQABQMCBQUBAAAAAAAAAQACAxEEEhMhMUFRYQUiFDJxgfBCUpGx4cH\/2gAMAwEAAhEDEQA\/AGxSq5S9yQFVKlTES4xUU9Ru9rjuM20h4IO61pB3ClIO74USMhpRGCe975N\/jTQ9epCya7Gm1gSmvJOXYDPB9BVc8icfzpgftSAsN2oKp76pEOvQ2XosJl+HLueigpUVFspAJ49vyA++mkVGXc7JJfTwEbJ8aKEmnl51K46XHFR0lZzytnAHbI0mEmRxbVVunSnIAebWbcrcDcdPXLgvdVpKuHIJIzYH3H3oZmlporYXB7bClBXIDQ6ai5yT6TZPuNACjpJPYG\/qLRdrVGJSY5DTc4hphTiuSkrJuoXzYBI+86CbMD71ThMI6cHQF1z4tFP+J8J+qSYkKlzHQOIYb6aitxVgVYFzYXP3jWAEiwU+fATQFwlbVc+Py1Zn9w0qClyUl64ZjeYutBSA5a4ZJ7Bf0dZno0Vsfp08lBjdzuPp3Sx3Nup2VKkTGAW3ZAV1UNo6gSrkfUDkg2CT3xfT2PDvbJwPsgl9HxcY1WNsOHSjfkfmygKNUI7S+ExXUiqCFqJTfhcD6NjnVLpqBI5XPhwT3Xmaa79k1Nj+IFGp7DFJjBppMqUpC1IThsmyUZGM276jkcXcqiHCuazN3OyYf6N1fyc1+v1ZIvnS7WZVzDtWTTqMxVq9U6ZKl0uHUUsuthXTdK1BdsjsB6bj5tppz23fcBHHI1rZGXQdV\/Yomlb1nKhVqoUChNR2m7KjzOmtciMkYIS5+02vcn+9D8lNKs92IcJJLIPnmuy9v1vdUWkwy+qXHp81zzaUyUktSnSn1LuRc3yo5tnQvf3C6UGAifIdKUF21Amqvz4Rc\/eM+rrlgUqkvuy3m46AmOlKrfKONrKJOfm41mcj2uB3SofTpWkSxygBvXNx0PlbK82\/MmO0uZQVsS0IQUtxmuKwmxvyRxzk9\/gDvodQk3W4\/pWxYKVsVtnbkca3d1+4\/wBVSrtZEXcXToK5TDqFsNIS+BzU4mxvbsBzGrW5ZGZnL5bGRzYad0RO\/ccHrYK6eg73pAhRxImsdfpp6lkqtysL+3zqfSd0C9qN6pPnw\/rB2nuiiPQXWy7VESI5LqFB5PPKjnGBfXOf6gxj2uLtgN\/qmjDktIpVZG2957bpkiiUcyhT6kEeZQhAUTckEE9xZJFwNMZ6jA\/3OO68cPK2hSJjwd8Uetx3JFHlbhpFNCm40SYvm107ce3sO3tpox2Hezd1FBoyxuNDlapFa8Q0w5kCHt80uDKkmYlEWL6mFgggIUMi3EaP4zCk\/Oh0Zh+lV9G\/96UOuLqRmzGqs6gpW9KaBcDfbuRe2P608ab\/AHNNhZqPa3TcPKI2ZTJ1f3hR6mXWHpsl911TTicJ4DlyI75J\/nSZZ9Nrmgcf9WtYZHNJP4F0mhncQQkCJTLAY\/Gr\/uoxjz+0\/wAqr4Ud1vqL3TDtk39fv765OnnJc5PzUKC9U2MJDRWsN3HwnH+9C2Nl8Ii490f5BKI61pDV1EJPo\/z86qETMpNJRe7NyhxEjqVxUyk\/el\/Dxnomajh1Qs3b9OeJUuM0oqFspB1LiImsaHN6H\/Exrydiso9Ep8WYh1qK0lxKSEqCBcD4B9tUQRgHlLkdsrN0\/vXSyBTZl\/\/Z);\"\"><\/div><div class = \"tatsu-section-background tatsu-bg-lazyload\" data-src = \"https:\/\/lydcmn.org\/wp-content\/uploads\/2019\/05\/board-2.jpg\"><\/div><\/div><div class=\"tatsu-overlay tatsu-section-overlay\"><\/div><style>.tatsu-fIA8Zp9fBJ2.tatsu-section{background-color: #323232;}.tatsu-fIA8Zp9fBJ2 .tatsu-section-background{background-image: url(https:\/\/lydcmn.org\/wp-content\/uploads\/2019\/05\/board-2.jpg);background-repeat: no-repeat;background-attachment: scroll;background-position: center center;background-size: cover;}.tatsu-fIA8Zp9fBJ2 .tatsu-bg-blur{background-repeat: no-repeat;background-attachment: scroll;background-position: center center;background-size: cover;}.tatsu-fIA8Zp9fBJ2 .tatsu-section-pad{padding: 150px 0px 150px 0px;}.tatsu-fIA8Zp9fBJ2 > .tatsu-bottom-divider{z-index: 9999;}.tatsu-fIA8Zp9fBJ2 > .tatsu-top-divider{z-index: 9999;}.tatsu-fIA8Zp9fBJ2 .tatsu-section-overlay{background: rgba(0,0,0,0.4);mix-blend-mode: normal;}<\/style><\/div>\n","protected":false},"excerpt":{"rendered":"<div><a href=\"https:\/\/lydcmn.org\/es\/mesa-directiva\/\" class=\"exp-read-more exp-read-more-underlined\">Read More<\/a><\/div>\n","protected":false},"author":2,"featured_media":0,"parent":0,"menu_order":0,"comment_status":"closed","ping_status":"closed","template":"","meta":{"nf_dc_page":"","om_disable_all_campaigns":false,"_monsterinsights_skip_tracking":false,"_monsterinsights_sitenote_active":false,"_monsterinsights_sitenote_note":"","_monsterinsights_sitenote_category":0,"footnotes":""},"class_list":["post-5188","page","type-page","status-publish","hentry"],"jetpack_sharing_enabled":true,"_links":{"self":[{"href":"https:\/\/lydcmn.org\/es\/wp-json\/wp\/v2\/pages\/5188","targetHints":{"allow":["GET"]}}],"collection":[{"href":"https:\/\/lydcmn.org\/es\/wp-json\/wp\/v2\/pages"}],"about":[{"href":"https:\/\/lydcmn.org\/es\/wp-json\/wp\/v2\/types\/page"}],"author":[{"embeddable":true,"href":"https:\/\/lydcmn.org\/es\/wp-json\/wp\/v2\/users\/2"}],"replies":[{"embeddable":true,"href":"https:\/\/lydcmn.org\/es\/wp-json\/wp\/v2\/comments?post=5188"}],"version-history":[{"count":5,"href":"https:\/\/lydcmn.org\/es\/wp-json\/wp\/v2\/pages\/5188\/revisions"}],"predecessor-version":[{"id":5398,"href":"https:\/\/lydcmn.org\/es\/wp-json\/wp\/v2\/pages\/5188\/revisions\/5398"}],"wp:attachment":[{"href":"https:\/\/lydcmn.org\/es\/wp-json\/wp\/v2\/media?parent=5188"}],"curies":[{"name":"wp","href":"https:\/\/api.w.org\/{rel}","templated":true}]}}